{"id":3,"date":"2021-08-18T15:49:01","date_gmt":"2021-08-18T13:49:01","guid":{"rendered":"https:\/\/www.sersepanizzoni.it\/nuovosito\/?page_id=3"},"modified":"2021-08-26T07:06:56","modified_gmt":"2021-08-26T05:06:56","slug":"privacy-policy","status":"publish","type":"page","link":"https:\/\/www.sersepanizzoni.it\/index.php\/privacy-policy\/","title":{"rendered":"Privacy policy"},"content":{"rendered":"<p style=\"text-align: justify;\">In adempimento a quanto disposto dal Reg. UE 2016\/679 (d\u2019ora in avanti indicato come GDPR- General Data Protection Regulation), relativo alla \u201cprotezione delle persone fisiche con riguardo al trattamento dei Dati Personali, nonch\u00e9 alla libera circolazione dei Dati\u201d, la presente informativa ha come fine quello di informare gli utenti (nel seguito indicati anche con il termine di interessati) del presente portale internet di come lo stesso raccolga, condivida ed utilizzi le Informazioni Personali e su come gli interessati possano esercitare i diritti a tutela della propria privacy.<\/p>\n<h2 style=\"text-align: justify;\">Titolare del Trattamento<\/h2>\n<p style=\"text-align: justify;\">Il Titolare del trattamento \u00e8 l\u2019<strong>Casa di Riposo &#8220;Serse Panizzoni&#8221;<\/strong> i cui contatti sono:<\/p>\n<ul style=\"text-align: justify;\">\n<li>indirizzo: <a href=\"https:\/\/goo.gl\/maps\/LDL51TmF9eviWvEB8\">via Roma Santa Maria, 19, 36043 Camisano Vicentino (VI)<\/a>;<\/li>\n<li>mail:&nbsp;<a href=\"mailto:segreteria@sersepanizzoni.it\">segreteria@sersepanizzoni.it<\/a>;<\/li>\n<li>PEC: <a href=\"mailto:sersepanizzoni@verimail.it\">sersepanizzoni@verimail.it<\/a>.<\/li>\n<\/ul>\n<h2 style=\"text-align: justify;\">Responsabile della Protezione dei Dati Personali (RPD)<\/h2>\n<p style=\"text-align: justify;\">Il Responsabile della Protezione dei Dati Personali \u00e8 il Dr Roberto Morello, i cui contatti sono:<\/p>\n<ul style=\"text-align: justify;\">\n<li>Telefono: <a href=\"tel:0490998416\">049 0998416<\/a>;<a href=\"tel:0490998416\"><br \/>\n<\/a><\/li>\n<li>e-mail: <a href=\"mailto:dpo@robyone.net\">dpo@robyone.net<\/a>;<span id=\"cloakf4fbf9f29621a8cca5d7100083727757\"><a href=\"mailto:dpo@robyone.net\"><br \/>\n<\/a><\/span><\/li>\n<li>PEC: <a href=\"mailto:dpo.robyone@ronepec.it\">dpo.robyone@ronepec.it<\/a>.<span id=\"cloak6f32510d3662f2a7597c31d12d22a128\"><a href=\"mailto:dpo.robyone@ronepec.it\"><br \/>\n<\/a><\/span><\/li>\n<\/ul>\n<h2 style=\"text-align: justify;\">Luogo del trattamento dei dati<\/h2>\n<p style=\"text-align: justify;\">I trattamenti connessi ai servizi web offerti da questo sito sono effettuati presso le sedi operative del Titolare ed in ogni altro luogo in cui le parti coinvolte nel trattamento siano localizzate. Per ulteriori informazioni si contatti il Titolare all\u2019indirizzo mail di riferimento indicato nella presente informativa.<\/p>\n<h2 style=\"text-align: justify;\">Finalit\u00e0 del trattamento dei dati raccolti<\/h2>\n<p style=\"text-align: justify;\">I Dati dell\u2019utente sono trattati al fine di permettere la fruizione dei servizi presenti nel sito.<\/p>\n<p style=\"text-align: justify;\">Per ottenere ulteriori informazioni dettagliate sulle finalit\u00e0 del trattamento e sui Dati Personali concretamente rilevanti per ciascuna delle stesse, l\u2019utente pu\u00f2 far riferimento alle singole sezioni di questo documento.<\/p>\n<h2 style=\"text-align: justify;\">Modalit\u00e0 di trattamento dei dati<\/h2>\n<p style=\"text-align: justify;\">Il trattamento dei Dati sar\u00e0 improntato ai principi di correttezza, liceit\u00e0, trasparenza e tutela della riservatezza dei diritti dell\u2019interessato.<\/p>\n<p style=\"text-align: justify;\">Il Titolare adotta le misure di sicurezza necessarie affinch\u00e9, se non autorizzato, non vi sia accesso, distribuzione, divulgazione, modifica dei Dati Personali in suo possesso.<\/p>\n<p style=\"text-align: justify;\">Il trattamento viene effettuato mediante strumenti informatici e\/o telematici, con modalit\u00e0 organizzative e logiche strettamente correlate alle finalit\u00e0 indicate.<\/p>\n<p style=\"text-align: justify;\">Oltre al Titolare, possono avere accesso ai Dati altri soggetti opportunamente autorizzati al trattamento, ovvero soggetti esterni incaricati di occasionali operazioni di manutenzione.<\/p>\n<p style=\"text-align: justify;\">I Dati raccolti saranno conservati esclusivamente per il tempo necessario a conseguire le necessit\u00e0 e gli scopi ad essi inerenti.<\/p>\n<p style=\"text-align: justify;\">I Dati raccolti potranno essere trasferiti o comunicati ad altre societ\u00e0 per attivit\u00e0 strettamente connesse o correlate all\u2019operativit\u00e0 del servizio. Inoltre, i Dati forniti dagli utenti che presentano richieste di invio di materiale informativo, sono utilizzati con il solo scopo di eseguire il servizio o la prestazione richiesta e sono comunicati a terzi nel caso in cui ci\u00f2 sia a tal fine necessario.<\/p>\n<p style=\"text-align: justify;\">Resta salva l\u2019eventuale necessit\u00e0 di conservazione dei Dati da parte del Titolare in ottemperanza ad un obbligo di legge o per ordine di un\u2019Autorit\u00e0.<\/p>\n<h3 style=\"text-align: justify;\">Link esterni<\/h3>\n<p style=\"text-align: justify;\">Il Titolare non \u00e8 responsabile del contenuto di ogni altro sito che possa essere raggiunto dal presente portale o attraverso il quale si possa accedere al medesimo. L\u2019esistenza di un collegamento ipertestuale (link) verso un sito esterno non comporta l\u2019approvazione o l\u2019accettazione di responsabilit\u00e0 da parte del Titolare circa il contenuto o l\u2019utilizzazione di detto sito, che resta vincolato alle norme europee e nazionali in materia di tutela dei Dati Personali e ne risponde personalmente ed in piena autonomia.<\/p>\n<h2 style=\"text-align: justify;\">Tipi di dati trattati<\/h2>\n<p style=\"text-align: justify;\">I Dati Personali trattati possono essere liberamente forniti dall\u2019utente o, nel caso di dati di utilizzo, raccolti automaticamente durante la consultazione del presente sito.<\/p>\n<p style=\"text-align: justify;\">L\u2019utente si assume la responsabilit\u00e0 dei Dati Personali di Terzi ottenuti, pubblicati o condivisi mediante questo sito e garantisce di avere il diritto di comunicarli o diffonderli, liberando il Titolare da qualsiasi responsabilit\u00e0 verso terzi.<\/p>\n<p style=\"text-align: justify;\">Nello specifico si precisa le tipologie di Dati trattati:<\/p>\n<h3 style=\"text-align: justify;\">Dati di navigazione<\/h3>\n<p style=\"text-align: justify;\">Le procedure software e i sistemi tecnologici informatici preposti al funzionamento di questo sito web acquisiscono, durante il normale esercizio, alcuni Dati la cui trasmissione \u00e8 implicita nell\u2019uso dei protocolli di comunicazione Internet. Tali informazioni, sebbene non associate a soggetti identificati, potrebbero, per la loro stessa natura, permettere di identificare gli utenti. In tale categoria rientrano gli indirizzi IP o i nomi a dominio dei computer utilizzati dagli utenti che si connettono al sito, gli indirizzi delle risorse richieste in notazione URI (Uniform resource identifier), l\u2019orario della richiesta, il metodo utilizzato nel sottoporre la richiesta al server ed altri parametri relativi al sistema operativo ed all\u2019ambiente informatico dell\u2019utente.<\/p>\n<p style=\"text-align: justify;\">Tali Dati, utilizzati unicamente per fini statistici e di buon funzionamento del sito, vengono cancellati immediatamente dopo la loro elaborazione.<\/p>\n<p style=\"text-align: justify;\">Nel caso di ipotetici reati informatici ai danni del sito, in accordo con l\u2019autorit\u00e0 giudiziaria, i Dati suddetti potrebbero essere utilizzati per l\u2019accertamento di responsabilit\u00e0.<\/p>\n<h4 style=\"text-align: justify;\">Cookies<\/h4>\n<p style=\"text-align: justify;\">Il presente sito web utilizza cookies per rendere l\u2019esperienza di navigazione dell\u2019utente pi\u00f9 facile ed intuitiva. I cookies sono piccole stringhe di testo utilizzate per memorizzare alcune informazioni che possono riguardare l\u2019utente, le sue preferenze o il dispositivo di accesso a internet e vengono utilizzate principalmente per adeguare il funzionamento del sito alle aspettative dell\u2019utente, offrendo una navigazione pi\u00f9 personalizzata e memorizzando le scelte effettuate in precedenza.<\/p>\n<p style=\"text-align: justify;\">Un cookie consiste in un ridotto insieme di dati trasferiti al browser dell\u2019utente da un server web e pu\u00f2 essere letto unicamente dal server che ha effettuato il trasferimento. Non si tratta di codice eseguibile e non trasmette virus.<\/p>\n<p style=\"text-align: justify;\">I cookies possono essere sia di sessione che persistenti. I cookies di sessione rimangono memorizzati nel terminale per un breve periodo di tempo e sono eliminati non appena l\u2019utente chiude il browser. Il loro utilizzo \u00e8 strettamente limitato alla trasmissione di identificativi di sessione necessari per consentire l\u2019esplorazione sicura ed efficiente del sito. I cookies persistenti invece rimangono archiviati nel terminale dell\u2019utente fino ad una scadenza prestabilita. Questi, non essendo cancellati direttamente alla chiusura del browser, consentono di ricordare le scelte operate dall\u2019utente, la frequenza con la quale il sito viene visitato e per identificare il tracciato di navigazione degli utenti, al fine di migliorare l\u2019esperienza sul presente sito.<\/p>\n<p style=\"text-align: justify;\">I cookies di sessione o persistenti possono essere infine di Prima Parte o di Terza Parte a seconda che il soggetto che li installa sul terminale dell\u2019utente sia lo stesso gestore del sito che l\u2019utente sta visitando (cookies di Prima Parte) oppure un soggetto diverso (cookies di Terza Parte).<\/p>\n<p style=\"text-align: justify;\">Il presente sito si avvale inoltre:<\/p>\n<ul style=\"text-align: justify;\">\n<li>Piwik (o Matomo): piattaforma di web analytics che consente di raccogliere dati su quanto e su come gli utenti utilizzano i siti web. La piattaforma e i dati risiedono nelle sedi operative del Titolare e pertanto soggetti alla presente informativa. \u00c8 possibile disattivarne le funzionalit\u00e0:\n<ul>\n<li>tramite la navigazione anonima (opzione Do Not Track) del tuo browser. Per sapere come attivare l\u2019opzione sui principali motori di ricerca clicca sul browser che usi:&nbsp;<a href=\"http:\/\/windows.microsoft.com\/it-it\/internet-explorer\/ie-do-not-track#ie=ie-11\" target=\"_blank\" rel=\"noopener\">Internet Explorer<\/a>,&nbsp;<a href=\"https:\/\/support.google.com\/chrome\/answer\/95464?hl=it\" target=\"_blank\" rel=\"noopener\">Google Chrome<\/a>,&nbsp;<a href=\"https:\/\/support.mozilla.org\/it\/kb\/Navigazione%20anonima\" target=\"_blank\" rel=\"noopener\">Mozilla Firefox<\/a>,&nbsp;<a href=\"https:\/\/support.apple.com\/it-it\/HT6074\" target=\"_blank\" rel=\"noopener\">Apple Safari<\/a>.<\/li>\n<li>seguendo le&nbsp;<a href=\"https:\/\/piwik.robyone.net\/index.php?module=CoreAdminHome&amp;action=optOut&amp;language=it\">istruzioni per evitare la memorizzazione del cookie<\/a><\/li>\n<\/ul>\n<\/li>\n<li>dei cookie di terza parte per la funzionalit\u00e0 di condivisione sui social \/ stampa \/ invio via mail delle pagine di AddToAny;&nbsp;l\u2019Ente non ha accesso ai dati che sono raccolti e trattati in piena autonomia dalle terze parti. Per maggiori informazioni sulle logiche e le modalit\u00e0 di trattamento dei dati raccolti dai sevizi web suddetti, gli utenti sono invitati a leggere le&nbsp;<a href=\"https:\/\/www.addtoany.com\/privacy\">note informative sulla privacy<\/a>&nbsp;fornite da AddToAny o le&nbsp;<a href=\"https:\/\/www.addtoany.com\/buttons\/faq\/\">domande frequenti<\/a>&nbsp;sul sito web ufficiale;<\/li>\n<li>dei cookie di terza parte per la visualizzazione dei video su YouTube e delle mappe di Google Maps; l\u2019Ente non ha accesso ai dati che sono raccolti e trattati in piena autonomia dalle terze parti. Per maggiori informazioni sulle logiche e le modalit\u00e0 di trattamento dei dati raccolti dai sevizi web suddetti, gli utenti sono invitati a leggere le&nbsp;<a href=\"https:\/\/www.google.it\/intl\/it\/policies\/privacy\/\">note informative sulla privacy fornite da Google<\/a><\/li>\n<\/ul>\n<h4 style=\"text-align: justify;\">Gestione dei cookies<\/h4>\n<p style=\"text-align: justify;\">I browser normalmente permettono il controllo della maggior parte dei cookies tramite le impostazioni del browser stesso. Si ricorda tuttavia, come suddetto, che la disabilitazione totale o parziale dei cookies c.d. tecnici pu\u00f2 compromettere l\u2019utilizzo delle funzionalit\u00e0 del sito.<\/p>\n<p style=\"text-align: justify;\">L\u2019utente pu\u00f2 comunque scegliere di non voler ricevere alcun tipo d cookie sul proprio elaboratore, n\u00e9 da questo sito, n\u00e9 da altri, elevando il livello di protezione privacy modificando le impostazioni di sicurezza del proprio browser:<\/p>\n<ul style=\"text-align: justify;\">\n<li><a href=\"https:\/\/support.mozilla.org\/it\/kb\/Gestione%20dei%20cookie\">Gestione dei cookies in Mozilla Firefox<\/a><\/li>\n<li><a href=\"https:\/\/support.google.com\/chrome\/answer\/95647?hl=it\">Gestione dei cookies in Google Chrome<\/a><\/li>\n<li><a href=\"https:\/\/privacy.microsoft.com\/it-it\/windows-10-microsoft-edge-and-privacy\">Gestione dei cookies in Microsoft Edge<\/a><\/li>\n<li><a href=\"https:\/\/help.apple.com\/safari\/mac\/9.0\/?lang=it-it#\/sfri11471\">Gestione dei cookies in Safari<\/a><\/li>\n<\/ul>\n<h3 style=\"text-align: justify;\">Dati forniti volontariamente dall\u2019utente<\/h3>\n<p style=\"text-align: justify;\">I dati che l\u2019utente invia in forma esplicita, volontaria e facoltativa nei form di registrazione presenti su questo sito, vengono acquisiti al fine di erogare il servizio richiesto.<\/p>\n<h2 style=\"text-align: justify;\">Facolt\u00e0 di conferimento dati<\/h2>\n<p style=\"text-align: justify;\">Se non diversamente specificato, tutti i Dati richiesti da questo portale sono obbligatori. Se l\u2019utente rifiuta di comunicarli, potrebbe essere impossibile per quest\u2019ultimo fornire il servizio richiesto.<\/p>\n<p style=\"text-align: justify;\">Nel caso in cui il questo sito indichi alcuni Dati come facoltativi, gli utenti sono liberi di astenersi dal comunicarli, senza che ci\u00f2 abbia alcuna conseguenza sulla disponibilit\u00e0 del servizio o sulla sua operativit\u00e0.<\/p>\n<h2 style=\"text-align: justify;\">Diritti dell\u2019interessato<\/h2>\n<p style=\"text-align: justify;\">La normativa a protezione dei Dati Personali attribuisce specifici diritti all\u2019interessato, il quale, per l\u2019esercizio degli stessi, pu\u00f2 rivolgersi direttamente al Titolare del Trattamento.<\/p>\n<p style=\"text-align: justify;\">L\u2019utente pu\u00f2 esercitare i suoi diritti anche in un momento successivo, potendo cos\u00ec revocare un consenso gi\u00e0 prestato.<\/p>\n<p style=\"text-align: justify;\">In particolare, in relazione al trattamento dei predetti Dati, ai sensi degli articoli 15 e seguenti del GDPR, l\u2019interessato ha il diritto di:<\/p>\n<ul style=\"text-align: justify;\">\n<li>Informazione: ricevere una corretta informazione in relazione ai Dati raccolti e trattati, alle finalit\u00e0 e alla base giuridica del trattamento, nonch\u00e9 dei diritti che gli sono attribuiti e le modalit\u00e0 per esercitarli.<\/li>\n<li>Accesso: conoscere quali Dati relativi all\u2019interessato sono trattati dal Titolare e con quali finalit\u00e0.<\/li>\n<li>Limitazione&nbsp;del trattamento: ottenere il blocco del trattamento all\u2019insorgenza di determinate condizioni cos\u00ec come disposto dall\u2019art. 18 GDPR.<\/li>\n<li>Cancellazione: ottenere la cancellazione dei propri Dati anche successivamente alla revoca del consenso.<\/li>\n<li>Ricezione propri dati e portabilit\u00e0: ricevere i propri Dati in formato strutturato, di uso comune e leggibile da dispositivo automatico e, ove tecnicamente fattibile, ottenerne il trasferimento ad altro Titolare senza ostacoli. Questa disposizione si applica nel caso in cui i Dati siano trattati con strumenti automatizzati ed il trattamento sia basato sul consenso dell\u2019utente, su un contratto di cui ne \u00e8 parte o su misure contrattuali allo stesso connesse.<\/li>\n<li>Opposizione: l\u2019utente pu\u00f2 opporsi al trattamento dei propri Dati quando ci\u00f2 avviene su una base giuridica diversa dal consenso (articolo 21 GDPR). L\u2019interessato pu\u00f2 opporsi anche ai trattamenti connessi a ragioni di interesse pubblico o posti in essere per il perseguimento di interessi legittimi del titolare del trattamento o di terzi, nonch\u00e9 qualora il trattamento abbia fini commerciali.<\/li>\n<\/ul>\n<h2 style=\"text-align: justify;\">Esercizio del diritto<\/h2>\n<p style=\"text-align: justify;\">Per esercitare il proprio diritto, l\u2019utente pu\u00f2 indirizzare una richiesta agli estremi di contatto del Titolare indicati nella presente informativa. Le richieste sono depositate a titolo gratuito ed evase dal Titolare nel pi\u00f9 breve tempo possibile, in ogni caso entro un mese (salvo proroghe concesse da legge).<\/p>\n<p style=\"text-align: justify;\">L\u2019interessato ha altres\u00ec il diritto di proporre reclamo ad un\u2019autorit\u00e0 di controllo qualora ritenesse che i diritti qui indicati non gli siano stati riconosciuti.<\/p>\n<h2 style=\"text-align: justify;\">Modifiche alle presenti politiche sulla privacy<\/h2>\n<p style=\"text-align: justify;\">Il Titolare del trattamento di riserva il diritto di apportare modifiche alla presente informativa adeguandola alle eventuali modiche normative, organizzative e tecnologiche. In caso di modifica, la nuova versione della stessa sar\u00e0 pubblicata in questa pagina del sito.<\/p>\n","protected":false},"excerpt":{"rendered":"<p>In adempimento a quanto disposto dal Reg. UE 2016\/679 (d\u2019ora in avanti indicato come GDPR- General Data Protection Regulation), relativo alla \u201cprotezione delle persone fisiche con riguardo al trattamento dei Dati Personali, nonch\u00e9 alla libera circolazione dei Dati\u201d, la presente informativa ha come fine quello di informare gli utenti (nel seguito indicati anche con il termine di interessati) del presente portale internet di come lo stesso raccolga, condivida ed utilizzi le Informazioni Personali e su come gli interessati possano esercitare i diritti a tutela della propria privacy.<\/p>\n","protected":false},"author":1,"featured_media":0,"parent":0,"menu_order":0,"comment_status":"closed","ping_status":"open","template":"","meta":{"ngg_post_thumbnail":0,"footnotes":""},"tags":[],"class_list":["post-3","page","type-page","status-publish","hentry"],"_links":{"self":[{"href":"https:\/\/www.sersepanizzoni.it\/index.php\/wp-json\/wp\/v2\/pages\/3","targetHints":{"allow":["GET"]}}],"collection":[{"href":"https:\/\/www.sersepanizzoni.it\/index.php\/wp-json\/wp\/v2\/pages"}],"about":[{"href":"https:\/\/www.sersepanizzoni.it\/index.php\/wp-json\/wp\/v2\/types\/page"}],"author":[{"embeddable":true,"href":"https:\/\/www.sersepanizzoni.it\/index.php\/wp-json\/wp\/v2\/users\/1"}],"replies":[{"embeddable":true,"href":"https:\/\/www.sersepanizzoni.it\/index.php\/wp-json\/wp\/v2\/comments?post=3"}],"version-history":[{"count":3,"href":"https:\/\/www.sersepanizzoni.it\/index.php\/wp-json\/wp\/v2\/pages\/3\/revisions"}],"predecessor-version":[{"id":604,"href":"https:\/\/www.sersepanizzoni.it\/index.php\/wp-json\/wp\/v2\/pages\/3\/revisions\/604"}],"wp:attachment":[{"href":"https:\/\/www.sersepanizzoni.it\/index.php\/wp-json\/wp\/v2\/media?parent=3"}],"wp:term":[{"taxonomy":"post_tag","embeddable":true,"href":"https:\/\/www.sersepanizzoni.it\/index.php\/wp-json\/wp\/v2\/tags?post=3"}],"curies":[{"name":"wp","href":"https:\/\/api.w.org\/{rel}","templated":true}]}}