{"id":166,"date":"2021-08-25T11:00:58","date_gmt":"2021-08-25T09:00:58","guid":{"rendered":"https:\/\/www.sersepanizzoni.it\/nuovosito\/?page_id=166"},"modified":"2021-09-24T15:14:24","modified_gmt":"2021-09-24T13:14:24","slug":"come-accedere","status":"publish","type":"page","link":"https:\/\/www.sersepanizzoni.it\/index.php\/come-accedere\/","title":{"rendered":"Come accedere"},"content":{"rendered":"<p style=\"text-align: justify;\"><span style=\"font-family: arial, helvetica, sans-serif; font-size: 14pt;\">L&#8217;accoglienza della Casa di Riposo si pu\u00f2 riassumere in queste tipologie:<\/span><\/p>\n<ul style=\"text-align: justify;\">\n<li><span style=\"font-family: arial, helvetica, sans-serif; font-size: 14pt;\">Ospiti non autosufficienti dotati di impegnativa di residenzialit\u00e0&nbsp;(cio\u00e8 titolari di quota di rimborso spese sanitarie dalla Regione Veneto);<\/span><\/li>\n<li><span style=\"font-family: arial, helvetica, sans-serif; font-size: 14pt;\">Ospiti non autosufficienti privati cio\u00e8 senza alcuna quota di rimborso regionale;<\/span><\/li>\n<li><span style=\"font-family: arial, helvetica, sans-serif; font-size: 14pt;\">Ospiti autosufficienti;<\/span><\/li>\n<\/ul>\n<div style=\"text-align: justify;\">\n<ol>\n<li><span style=\"font-family: Arial, serif; font-size: 14pt;\"><b>Domanda di ammissione<\/b><\/span><\/li>\n<\/ol>\n<p align=\"justify\"><span style=\"font-family: Arial, serif; font-size: 14pt;\">I familiari si rivolgono all\u2019Assistente Sociale del comune di residenza dell\u2019anziano ed avviano le pratiche per la redazione di una valutazione multidimensionale, eseguita attraverso la compilazione della Scheda di Valutazione Multidimensionale Anziani (S.V.A.M.A.) e il nominativo verr\u00e0 inserito all\u2019interno del portale R.U.R per l\u2019inserimento in struttura.<\/span><\/p>\n<ol start=\"2\">\n<li><span style=\"font-family: Arial, serif; font-size: 14pt;\"><b>Disponibilit\u00e0 di un posto<\/b><\/span><\/li>\n<\/ol>\n<p align=\"justify\"><span style=\"font-family: Arial, serif; font-size: 14pt;\">Quando si verifica la disponibilit\u00e0 di un posto l\u2019Assistente Sociale della struttura contatta direttamente il familiare per verificare la disponibilit\u00e0 all\u2019inserimento. In caso positivo viene fissato un colloquio di ammissione da effettuarsi nella struttura.<\/span><\/p>\n<ol start=\"3\">\n<li><span style=\"font-family: Arial, serif; font-size: 14pt;\"><b>Colloquio<\/b><\/span><\/li>\n<\/ol>\n<p align=\"justify\"><span style=\"font-family: Arial, serif; font-size: 14pt;\">Il colloquio ha lo scopo di espletare le pratiche amministrative per l\u2019inserimento dell\u2019ospite, raccogliere informazioni sulle condizioni generali del futuro ospite e prendere accordi con i familiari per il suo accoglimento.<\/span><\/p>\n<ol start=\"4\">\n<li>\n<p align=\"justify\"><span style=\"font-family: Arial, serif; font-size: 14pt;\"><b>Presentazione al personale<\/b><\/span><\/p>\n<\/li>\n<\/ol>\n<p align=\"justify\"><span style=\"font-family: Arial, serif; font-size: 14pt;\">Le informazioni raccolte nel colloquio verranno trasmesse a tutto il personale prima dell\u2019ingresso del nuovo ospite affinch\u00e9 vengano eseguite tutte le operazioni per l\u2019accoglimento.<\/span><\/p>\n<ol start=\"5\">\n<li>\n<p align=\"justify\"><span style=\"font-family: Arial, serif; font-size: 14pt;\"><b>Ingresso dell\u2019ospite<\/b><\/span><\/p>\n<\/li>\n<\/ol>\n<p align=\"justify\"><span style=\"font-family: Arial, serif; font-size: 14pt;\">Con l\u2019ingresso dell\u2019ospite in struttura ogni professionista realizza gli approfondimenti necessari per disporre di una migliore conoscenza delle condizioni dell\u2019ospite, i cui esiti verranno presentati ed utilizzati in occasione dell\u2019UOI (Unit\u00e0 Operativa Interna) al fine di definire un progetto individuale.<\/span><\/p>\n<\/div>\n<p style=\"text-align: justify;\">&nbsp;<\/p>\n","protected":false},"excerpt":{"rendered":"<p>L&#8217;accoglienza della Casa di Riposo si pu\u00f2 riassumere in queste tipologie: Ospiti non autosufficienti dotati di impegnativa di residenzialit\u00e0&nbsp;(cio\u00e8 titolari di quota di rimborso spese sanitarie dalla Regione Veneto); Ospiti non autosufficienti privati cio\u00e8 senza alcuna quota di rimborso regionale; Ospiti autosufficienti; Domanda di ammissione I familiari si rivolgono all\u2019Assistente Sociale del comune di residenza dell\u2019anziano ed avviano le pratiche per la redazione di una valutazione multidimensionale, eseguita attraverso la compilazione della Scheda di Valutazione Multidimensionale Anziani (S.<\/p>\n","protected":false},"author":1,"featured_media":0,"parent":0,"menu_order":0,"comment_status":"closed","ping_status":"closed","template":"","meta":{"ngg_post_thumbnail":0,"footnotes":""},"tags":[],"class_list":["post-166","page","type-page","status-publish","hentry"],"_links":{"self":[{"href":"https:\/\/www.sersepanizzoni.it\/index.php\/wp-json\/wp\/v2\/pages\/166","targetHints":{"allow":["GET"]}}],"collection":[{"href":"https:\/\/www.sersepanizzoni.it\/index.php\/wp-json\/wp\/v2\/pages"}],"about":[{"href":"https:\/\/www.sersepanizzoni.it\/index.php\/wp-json\/wp\/v2\/types\/page"}],"author":[{"embeddable":true,"href":"https:\/\/www.sersepanizzoni.it\/index.php\/wp-json\/wp\/v2\/users\/1"}],"replies":[{"embeddable":true,"href":"https:\/\/www.sersepanizzoni.it\/index.php\/wp-json\/wp\/v2\/comments?post=166"}],"version-history":[{"count":9,"href":"https:\/\/www.sersepanizzoni.it\/index.php\/wp-json\/wp\/v2\/pages\/166\/revisions"}],"predecessor-version":[{"id":319,"href":"https:\/\/www.sersepanizzoni.it\/index.php\/wp-json\/wp\/v2\/pages\/166\/revisions\/319"}],"wp:attachment":[{"href":"https:\/\/www.sersepanizzoni.it\/index.php\/wp-json\/wp\/v2\/media?parent=166"}],"wp:term":[{"taxonomy":"post_tag","embeddable":true,"href":"https:\/\/www.sersepanizzoni.it\/index.php\/wp-json\/wp\/v2\/tags?post=166"}],"curies":[{"name":"wp","href":"https:\/\/api.w.org\/{rel}","templated":true}]}}