{"id":154,"date":"2021-08-25T10:50:27","date_gmt":"2021-08-25T08:50:27","guid":{"rendered":"https:\/\/www.sersepanizzoni.it\/nuovosito\/?page_id=154"},"modified":"2021-08-25T18:10:15","modified_gmt":"2021-08-25T16:10:15","slug":"organizzazione","status":"publish","type":"page","link":"https:\/\/www.sersepanizzoni.it\/index.php\/organizzazione\/","title":{"rendered":"Organizzazione"},"content":{"rendered":"<p style=\"text-align: justify;\">Il Centro Servizi \u201cSerse Panizzoni\u201d \u00e8 un Ente pubblico che da quasi quarant\u2019anni si occupa di servizi agli anziani.<\/p>\n<p style=\"text-align: justify;\">Dal 16 marzo 1998 la struttura \u00e8 stata trasformata da servizio comunale in Istituzione Pubblica di Assistenza e Beneficienza (IPAB) con decreto n. 72 della Regione Veneto ai sensi della Legge 6972\/1890.<\/p>\n<p style=\"text-align: justify;\">L\u2019IPAB \u00e8 a tutti gli effetti un Ente locale, non territoriale e non a scopo di lucro, che programma la sua attivit\u00e0 nel rispetto della legislazione statale e regionale in ambito di erogazione di servizi socio-sanitari.<\/p>\n<p style=\"text-align: justify;\">Negli anni la Casa di Riposo \u00e8 diventata un punto di riferimento essenziale nella rete dei servizi a favore dell\u2019anziano sia per i territori della provincia di Vicenza che della limitrofa provincia di Padova.<\/p>\n<p style=\"text-align: justify;\">Gli Amministratori che si sono succeduti dal 1978 ad oggi hanno avvertito l\u2019importanza della funzione assegnata all\u2019Ente e, con competenza e spirito di servizio, ne hanno accresciuto la ricettivit\u00e0, l\u2019efficienza e il prestigio.<\/p>\n<p style=\"text-align: justify;\">Molta attenzione \u00e8 stata rivolta alla qualit\u00e0 assistenziale del servizio, personalizzando gli interventi in modo da garantire il miglior benessere psicofisico dell\u2019anziano accolto, dando risposta in via prioritaria ai bisogni di accoglimento dei residenti nei territori limitrofi, ma anche ai bisogni assistenziali delle persone anziane del territorio del Comune di Camisano Vicentino in un\u2019ottica di trasformazione da Casa di Riposo a Centro Servizi Residenziale.<\/p>\n<p style=\"text-align: justify;\">La Casa di Riposo \u201cSerse Panizzoni\u201d \u00e8 ubicata nella frazione di Santa Maria di Camisano Vicentino, a 100 metri dalla chiesa parrocchiale e dal Distretto Socio Sanitario.<\/p>\n<p style=\"text-align: justify;\">L\u2019edificio \u00e8 situato all\u2019interno di un ampio giardino ed \u00e8 articolato in una struttura posta su quattro livelli: seminterrato, piano terra, piano rialzato e piano primo.<\/p>\n<p style=\"text-align: justify;\">La struttura gode di una posizione strategica in quanto risulta facilmente accessibile dai residenti dei comuni confinanti della Provincia di Vicenza e di Padova, oltre che dai cittadini del Centro citt\u00e0 grazie anche alla copertura da parte del trasporto pubblico, che prevede la fermata del bus di fronte alla Casa di Riposo.<\/p>\n<p style=\"text-align: justify;\">La Casa di Riposo \u00e8 in grado di accogliere fino a 96 persone in regime di residenzialit\u00e0 e circa una decina di anziani in regime di semi-residenzialit\u00e0, in prevalenza con profilo di non autosufficienza.<\/p>\n<p style=\"text-align: justify;\">La struttura \u00e8 suddivisa in n. 4 nuclei:<\/p>\n<p style=\"text-align: justify;\">&#8211; <strong>GIRASOLE 1<\/strong>: situato al piano rialzato,&nbsp; \u00e8 composto da n. 10 stanze doppie e n. 3 stanze singole, per un totale di 23 posti letto, con gestione in appalto alla Cooperativa \u201cBassano Solidale\u201d;<\/p>\n<p style=\"text-align: justify;\">&#8211; <strong>GIRASOLE 2<\/strong>: situato al primo piano, \u00e8 composto da n. 5 stanza triple, n. 2 doppie e n. 6 singole per un totale di 25 posti letto, con gestione in appalto alla Cooperativa \u201cBassano Solidale\u201d;<\/p>\n<p style=\"text-align: justify;\">&#8211; <strong>MARGHERITA<\/strong>: situato al piano terra, \u00e8 composto da n. 9 stanza doppie per un totale di 18 posti letto;<\/p>\n<p style=\"text-align: justify;\">&#8211; <strong>IRIS<\/strong>: situato al piano terra, \u00e8 composto da n. 16 stanze doppie per un totale di 32 posti letto.<\/p>\n<p style=\"text-align: justify;\">Il Centro Servizi \u201cSerse Panizzoni\u201d gestisce anche n. 12 appartamenti per anziani autosufficienti situati nel centro del Comune di Camisano Vicentino.<\/p>\n<p style=\"text-align: justify;\">E\u2019 amministrato da un Consiglio di Amministrazione nominato dal Sindaco del Comune di Camisano Vicentino con apposito atto deliberativo ed \u00e8 formato da cinque componenti con carica quinquennale. I membri di tale organismo operano a puro titolo di volontariato e senza chiedere alcun rimborso spese.<\/p>\n<p style=\"text-align: justify;\">Il consiglio di Amministrazione \u00e8 organo di governo e di indirizzo dell\u2019Ente, definisce quindi gli obiettivi ed i programmi da attuare e verifica la rispondenza dei risultati della gestione amministrativa alle direttive generali impartite.<\/p>\n<p style=\"text-align: justify;\">La gestione amministrativa, finanziaria e tecnica \u00e8 affidata al Segretario\/Direttore.<\/p>\n<p style=\"text-align: justify;\">Presso il Centro Servizi opera personale di assistenza, sanitario, riabilitativo e sociale in possesso del titolo di studio richiesto e secondo gli standards previsti dalla normativa regionale vigente.<\/p>\n<p style=\"text-align: justify;\"><strong>Nel dettaglio cosa facciamo<\/strong><\/p>\n<p style=\"text-align: justify;\">La Casa di Riposo ha una capacit\u00e0 ricettiva di n. 96 posti letto, di cui n. 84 per persone valutate in UVMD con profilo di non autosufficienza e n. 12 valutate con profilo di autosufficienza, a cui sono offerte attivit\u00e0 giornaliere diversificate.<\/p>\n<p style=\"text-align: justify;\">La finalit\u00e0 principale del servizio consiste nell\u2019offrire assistenza agli utenti, &nbsp;in regime residenziale e semiresidenziale, siano essi in condizione di autosufficienza che di non autosufficienza, in stretta collaborazione con i servizi territoriali e la famiglia, garantendo continuit\u00e0 e flessibilit\u00e0 ai bisogni emergenti nel rispetto dell\u2019individualit\u00e0, della dignit\u00e0 e riservatezza della persona.<\/p>\n<p style=\"text-align: justify;\">Accanto alla cura e all\u2019assistenza della persona c\u2019\u00e8 l\u2019impegno a promuovere l\u2019autonomia funzionale, l\u2019inserimento sociale e comunitario, riducendone gli eventuali stati di disagio.<\/p>\n<p style=\"text-align: justify;\">I professionisti che operano in questo contesto hanno il compito di:<\/p>\n<p style=\"text-align: justify;\">&#8211; definire e gestire, sulla base di valutazioni multidimensionali, progetti di assistenza individualizzati, attraverso una organizzazione del lavoro volta alla definizione di obiettivi e al monitoraggio, verifica e valutazione dei risultati raggiunti o meno;<\/p>\n<p style=\"text-align: justify;\">&#8211; perseguire il miglioramento dei livelli di salute, mantenendo, ripristinando e\/o sviluppando le capacit\u00e0 funzionali residue dell\u2019anziano;<\/p>\n<p style=\"text-align: justify;\">&#8211; garantire un\u2019adeguata formazione del personale di assistenza al fine di accrescere la professionalit\u00e0 e sostenere la motivazione, con l\u2019unico obiettivo di soddisfare i bisogni della persona anziana;<\/p>\n<p style=\"text-align: justify;\">&#8211; collaborare per una maggior apertura al territorio, aumentando la collaborazione con gli Enti territoriali e le altre strutture protette presenti nel territorio dell\u2019Azienda ULSS 8 Berica al fine di creare progetti aventi come obiettivo il miglioramento della vita del singolo e della collettivit\u00e0. In quest\u2019ottica la Casa di Riposo organizza eventi che vedono coinvolte associazioni, scuole, servizi del territorio e gestisce per conto del Comune di Camisano Vicentino il Servizio di Assistenza Domiciliare ed il Servizio Sociale territoriale dell\u2019Area Anziani;<\/p>\n<p style=\"text-align: justify;\">&#8211; razionalizzare le spese attraverso un\u2019oculata gestione delle risorse economiche nel rispetto dei vincoli di bilancio.<\/p>\n<p style=\"text-align: justify;\">La modalit\u00e0 operativa,&nbsp; finalizzata al &nbsp;miglioramento continuo del processo assistenziale, si fonda sulla trasparenza dell\u2019operato e sull\u2019etica professionale, nella consapevolezza dei valori fondamentali dell\u2019umanit\u00e0 e della cura delle relazioni interpersonali.<\/p>\n<p style=\"text-align: justify;\">La Casa di Riposo inoltre ha in dotazione procedure di monitoraggio e controllo del servizio ristorazione e cucina e gestisce un sistema di autocontrollo dei processi di manipolazione degli alimenti, identificando e prevenendo il verificarsi di possibili rischi.<\/p>\n<p style=\"text-align: justify;\">Rispetto al tema della sicurezza il Centro Servizi \u00e8 in possesso di un adeguato documento di valutazione dei rischi della sicurezza dei lavoratori e degli ospiti accolti.<\/p>\n<p style=\"text-align: justify;\">Tutti i lavoratori sono informati e formati in materia di sicurezza e salute e sui rischi cui sono sottoposti oltre che sulle eventuali relative misure da adottare.<\/p>\n<p style=\"text-align: justify;\">Il personale dipendente \u00e8 sottoposto periodicamente a visita medica attestante l\u2019idoneit\u00e0 alla mansione svolta secondo quanto previsto dalla normativa.<\/p>\n<p style=\"text-align: justify;\"><strong>Mission <\/strong><\/p>\n<p style=\"text-align: justify;\">L\u2019obiettivo principale che si pone il Centro Servizi \u201cSerse Panizzoni\u201d \u00e8 assicurare ad ogni persona una relazione di cura e assistenza che tenga conto delle origini,&nbsp; della centralit\u00e0, dell\u2019individualit\u00e0, della libert\u00e0, della dignit\u00e0 e della riservatezza della persona umana, garantendo l\u2019affermazione del ruolo sociale dell\u2019individuo anziano, anche se collocato all\u2019interno di un servizio residenziale.<\/p>\n","protected":false},"excerpt":{"rendered":"<p>Il Centro Servizi \u201cSerse Panizzoni\u201d \u00e8 un Ente pubblico che da quasi quarant\u2019anni si occupa di servizi agli anziani.<\/p>\n","protected":false},"author":1,"featured_media":0,"parent":0,"menu_order":0,"comment_status":"closed","ping_status":"closed","template":"","meta":{"ngg_post_thumbnail":0,"footnotes":""},"tags":[],"class_list":["post-154","page","type-page","status-publish","hentry"],"_links":{"self":[{"href":"https:\/\/www.sersepanizzoni.it\/index.php\/wp-json\/wp\/v2\/pages\/154","targetHints":{"allow":["GET"]}}],"collection":[{"href":"https:\/\/www.sersepanizzoni.it\/index.php\/wp-json\/wp\/v2\/pages"}],"about":[{"href":"https:\/\/www.sersepanizzoni.it\/index.php\/wp-json\/wp\/v2\/types\/page"}],"author":[{"embeddable":true,"href":"https:\/\/www.sersepanizzoni.it\/index.php\/wp-json\/wp\/v2\/users\/1"}],"replies":[{"embeddable":true,"href":"https:\/\/www.sersepanizzoni.it\/index.php\/wp-json\/wp\/v2\/comments?post=154"}],"version-history":[{"count":4,"href":"https:\/\/www.sersepanizzoni.it\/index.php\/wp-json\/wp\/v2\/pages\/154\/revisions"}],"predecessor-version":[{"id":213,"href":"https:\/\/www.sersepanizzoni.it\/index.php\/wp-json\/wp\/v2\/pages\/154\/revisions\/213"}],"wp:attachment":[{"href":"https:\/\/www.sersepanizzoni.it\/index.php\/wp-json\/wp\/v2\/media?parent=154"}],"wp:term":[{"taxonomy":"post_tag","embeddable":true,"href":"https:\/\/www.sersepanizzoni.it\/index.php\/wp-json\/wp\/v2\/tags?post=154"}],"curies":[{"name":"wp","href":"https:\/\/api.w.org\/{rel}","templated":true}]}}